{"id":3153,"date":"2024-03-18T15:32:29","date_gmt":"2024-03-18T13:32:29","guid":{"rendered":"https:\/\/manualtherapies.dk\/dziekuje\/"},"modified":"2026-02-01T02:12:42","modified_gmt":"2026-02-01T00:12:42","slug":"dziekuje","status":"publish","type":"page","link":"https:\/\/manualtherapies.dk\/pl\/dziekuje\/","title":{"rendered":"Dzi\u0119kuj\u0119!"},"content":{"rendered":"<p>[et_pb_section fb_built=&#8221;1&#8243; custom_padding_last_edited=&#8221;on|tablet&#8221; module_id=&#8221;kontakt&#8221; module_class=&#8221;kontakt&#8221; _builder_version=&#8221;4.25.0&#8243; _module_preset=&#8221;default&#8221; background_color=&#8221;RGBA(255,255,255,0)&#8221; custom_margin=&#8221;0px||0px||false|false&#8221; custom_padding=&#8221;0px|80px|0px|80px|false|true&#8221; custom_padding_tablet=&#8221;0px|30px|0px|30px|false|true&#8221; custom_padding_phone=&#8221;|10px||10px|false|true&#8221; locked=&#8221;off&#8221; global_colors_info=&#8221;{}&#8221; da_is_popup=&#8221;off&#8221; da_exit_intent=&#8221;off&#8221; da_has_close=&#8221;on&#8221; da_alt_close=&#8221;off&#8221; da_dark_close=&#8221;off&#8221; da_not_modal=&#8221;on&#8221; da_is_singular=&#8221;off&#8221; da_with_loader=&#8221;off&#8221; da_has_shadow=&#8221;on&#8221; da_disable_devices=&#8221;off|off|off&#8221;][et_pb_row column_structure=&#8221;1_2,1_2&#8243; use_custom_gutter=&#8221;on&#8221; gutter_width=&#8221;1&#8243; make_equal=&#8221;on&#8221; module_class=&#8221;tablet-two-cols&#8221; _builder_version=&#8221;4.26.0&#8243; _module_preset=&#8221;default&#8221; width=&#8221;100%&#8221; max_width=&#8221;1560px&#8221; module_alignment=&#8221;center&#8221; custom_margin=&#8221;75px|auto|75px|auto|true|false&#8221; custom_padding=&#8221;0px||0px||false|false&#8221; locked=&#8221;off&#8221; global_colors_info=&#8221;{}&#8221;][et_pb_column type=&#8221;1_2&#8243; _builder_version=&#8221;4.26.0&#8243; _module_preset=&#8221;default&#8221; global_colors_info=&#8221;{}&#8221;][et_pb_image src=&#8221;https:\/\/manualtherapies.dk\/wp-content\/uploads\/2024\/02\/Asset-2@3x.png&#8221; title_text=&#8221;Asset 2@3x&#8221; align=&#8221;center&#8221; _builder_version=&#8221;4.25.2&#8243; _module_preset=&#8221;default&#8221; width=&#8221;15%&#8221; width_tablet=&#8221;15%&#8221; width_phone=&#8221;43%&#8221; width_last_edited=&#8221;on|phone&#8221; max_width=&#8221;50%&#8221; module_alignment=&#8221;center&#8221; module_alignment_tablet=&#8221;center&#8221; module_alignment_phone=&#8221;center&#8221; module_alignment_last_edited=&#8221;on|phone&#8221; global_colors_info=&#8221;{}&#8221;][\/et_pb_image][et_pb_text _builder_version=&#8221;4.26.0&#8243; _module_preset=&#8221;default&#8221; text_font=&#8221;&#8211;et_global_body_font||||||||&#8221; text_font_size=&#8221;28px&#8221; header_font_size=&#8221;100px&#8221; background_color=&#8221;RGBA(255,255,255,0)&#8221; text_orientation=&#8221;center&#8221; custom_margin=&#8221;55px||1px||false|&#8221; text_font_size_tablet=&#8221;28px&#8221; text_font_size_phone=&#8221;16px&#8221; text_font_size_last_edited=&#8221;on|phone&#8221; header_font_size_tablet=&#8221;100px&#8221; header_font_size_phone=&#8221;65px&#8221; header_font_size_last_edited=&#8221;on|phone&#8221; global_colors_info=&#8221;{}&#8221;]<\/p>\n<h1>Dzi\u0119kuj\u0119 za rezerwacj\u0119!<\/h1>\n<p>[\/et_pb_text][\/et_pb_column][et_pb_column type=&#8221;1_2&#8243; _builder_version=&#8221;4.26.0&#8243; _module_preset=&#8221;default&#8221; border_width_left=&#8221;2px&#8221; border_width_right_tablet=&#8221;2px&#8221; border_width_right_phone=&#8221;0px&#8221; border_width_right_last_edited=&#8221;on|phone&#8221; global_colors_info=&#8221;{}&#8221;][et_pb_text content_tablet=&#8221;<\/p>\n<h2><span>W RAZIE PYTA\u0143, SKONTAKTUJ SI\u0118 ZE MN\u0104 PRZEZ TELEFON LUB E-MAIL<\/span><span><\/span><span><\/span><\/h2>\n<p><span><\/span><\/p>\n<p><span>+45 31 70 44 50<br \/><\/span><span><a href=%22mailto:hello@manualtherapies.dk%22>hello@manualtherapies.dk<\/a><\/span><\/p>\n<p><span><\/span><\/p>\n<p>&#8221; content_phone=&#8221;<\/p>\n<h2><span>W RAZIE PYTA\u0143, SKONTAKTUJ SI\u0118 ZE MN\u0104 PRZEZ TELEFON LUB E-MAIL<\/span><\/h2>\n<p><span><\/span><\/p>\n<p><a href=%22tel:004531704450%22><span>+45 31 70 44 50<\/span><\/a><br \/><span><a href=%22mailto:hello@manualtherapies.dk%22>hello@manualtherapies.dk<\/a><\/span><\/p>\n<p><span><\/span><\/p>\n<p>&#8221; content_last_edited=&#8221;off|desktop&#8221; _builder_version=&#8221;4.27.4&#8243; _module_preset=&#8221;default&#8221; text_font=&#8221;&#8211;et_global_body_font||||||||&#8221; text_text_color=&#8221;#3D3837&#8243; text_font_size=&#8221;35px&#8221; text_line_height=&#8221;1.3em&#8221; link_font=&#8221;||||on||||&#8221; link_text_color=&#8221;#3D3837&#8243; link_line_height=&#8221;1.5em&#8221; header_2_font=&#8221;luxeuno||||||||&#8221; header_2_font_size=&#8221;1vw&#8221; header_3_font=&#8221;Luxe uno regular||||||||&#8221; header_3_font_size=&#8221;1vw&#8221; custom_margin=&#8221;||22px|100px|false|false&#8221; custom_margin_tablet=&#8221;15px||15px|50px|false|false&#8221; custom_margin_phone=&#8221;|||0px|false|false&#8221; custom_margin_last_edited=&#8221;on|phone&#8221; custom_padding=&#8221;20px||20px||true|false&#8221; custom_padding_tablet=&#8221;0%||0px||false|false&#8221; custom_padding_phone=&#8221;0%||||false|false&#8221; custom_padding_last_edited=&#8221;on|tablet&#8221; text_font_size_tablet=&#8221;20px&#8221; text_font_size_phone=&#8221;7vw&#8221; text_font_size_last_edited=&#8221;on|tablet&#8221; link_line_height_tablet=&#8221;&#8221; link_line_height_phone=&#8221;1.2em&#8221; link_line_height_last_edited=&#8221;on|phone&#8221; header_2_text_align_tablet=&#8221;&#8221; header_2_text_align_phone=&#8221;left&#8221; header_2_text_align_last_edited=&#8221;on|phone&#8221; header_2_font_size_tablet=&#8221;1vw&#8221; header_2_font_size_phone=&#8221;4vw&#8221; header_2_font_size_last_edited=&#8221;on|phone&#8221; header_3_font_size_tablet=&#8221;1vw&#8221; header_3_font_size_phone=&#8221;4vw&#8221; header_3_font_size_last_edited=&#8221;on|desktop&#8221; border_width_bottom=&#8221;2px&#8221; border_color_bottom=&#8221;#3D3837&#8243; locked=&#8221;off&#8221; global_colors_info=&#8221;{}&#8221;]<\/p>\n<h3 class=\"p1\">Nie wahaj si\u0119 skontaktowa\u0107 ze mn\u0105 telefonicznie lub mailowo.<\/h3>\n<p><\/p>\n<h3>\u00a0<\/h3>\n<p><\/p>\n<p>\ud83d\udcf1 <a title=\"Telefon nummer\" href=\"tel:004531704450\">31 70 44 50<\/a><br \/>\u2709\ufe0f\u00a0<a title=\"email adresse\" href=\"mailto:hello@manualtherapies.dk\"> hello@manualtherapies.dk<\/a><\/p>\n<p><\/p>\n<p>\ud83d\udccdManual Therapies<br \/><a href=\"https:\/\/maps.app.goo.gl\/Vx9xi36QoYY6eFMN8\" target=\"_blank\" rel=\"noopener\">Gasv\u00e6rksvej 12, st.th<\/a><br \/><a href=\"https:\/\/maps.app.goo.gl\/Vx9xi36QoYY6eFMN8\" target=\"_blank\" rel=\"noopener\">1656 K\u00f8benhavn V<\/a><\/p>\n<p><\/p>\n<p>&nbsp;<\/p>\n<p>[\/et_pb_text][\/et_pb_column][\/et_pb_row][\/et_pb_section][et_pb_section fb_built=&#8221;1&#8243; custom_padding_last_edited=&#8221;on|tablet&#8221; _builder_version=&#8221;4.24.3&#8243; _module_preset=&#8221;default&#8221; background_color=&#8221;RGBA(255,255,255,0)&#8221; custom_padding=&#8221;0px|80px||80px|false|true&#8221; custom_padding_tablet=&#8221;|30px||30px|false|true&#8221; custom_padding_phone=&#8221;|20px||20px|false|true&#8221; locked=&#8221;off&#8221; global_colors_info=&#8221;{}&#8221; da_is_popup=&#8221;off&#8221; da_exit_intent=&#8221;off&#8221; da_has_close=&#8221;on&#8221; da_alt_close=&#8221;off&#8221; da_dark_close=&#8221;off&#8221; da_not_modal=&#8221;on&#8221; da_is_singular=&#8221;off&#8221; da_with_loader=&#8221;off&#8221; da_has_shadow=&#8221;on&#8221; da_disable_devices=&#8221;off|off|off&#8221;][et_pb_row make_equal=&#8221;on&#8221; custom_padding_last_edited=&#8221;on|phone&#8221; _builder_version=&#8221;4.26.0&#8243; _module_preset=&#8221;default&#8221; background_enable_image=&#8221;off&#8221; z_index=&#8221;127&#8243; width=&#8221;100%&#8221; max_width=&#8221;1560px&#8221; module_alignment=&#8221;center&#8221; max_height=&#8221;1000px&#8221; custom_margin=&#8221;|80px||80px|false|true&#8221; custom_margin_tablet=&#8221;|0px||0px|false|true&#8221; custom_margin_phone=&#8221;|5px||5px|false|true&#8221; custom_margin_last_edited=&#8221;on|phone&#8221; custom_padding=&#8221;0%||0%||false|true&#8221; custom_padding_tablet=&#8221;0%|0px||0px|false|true&#8221; custom_padding_phone=&#8221;0%|0px|10%|0px|false|true&#8221; link_option_url=&#8221;https:\/\/maps.app.goo.gl\/L5eB2gAK8oFip7QP9&#8243; link_option_url_new_window=&#8221;on&#8221; box_shadow_style=&#8221;preset1&#8243; box_shadow_blur=&#8221;80px&#8221; box_shadow_spread=&#8221;-40px&#8221; box_shadow_color=&#8221;#3D3837&#8243; global_colors_info=&#8221;{}&#8221;][et_pb_column type=&#8221;4_4&#8243; _builder_version=&#8221;4.24.2&#8243; _module_preset=&#8221;default&#8221; global_colors_info=&#8221;{}&#8221;][et_pb_map address=&#8221;Gasv\u00e6rksvej 12, st.th, 1656 K\u00f8benhavn, Denmark&#8221; zoom_level=&#8221;17&#8243; address_lat=&#8221;55.6710951&#8243; address_lng=&#8221;12.5567411&#8243; _builder_version=&#8221;4.27.4&#8243; _module_preset=&#8221;default&#8221; height=&#8221;899px&#8221; border_width_all=&#8221;4px&#8221; box_shadow_style=&#8221;preset1&#8243; box_shadow_blur=&#8221;51px&#8221; box_shadow_color=&#8221;rgba(61,56,55,0.49)&#8221; global_colors_info=&#8221;{}&#8221; locked=&#8221;off&#8221;][et_pb_map_pin title=&#8221;Manual Therapies&#8221; pin_address=&#8221;Gasv\u00e6rksvej 12, st.th, 1656 K\u00f8benhavn, Denmark&#8221; pin_address_lat=&#8221;55.6710951&#8243; pin_address_lng=&#8221;12.5567411&#8243; _builder_version=&#8221;4.27.4&#8243; _module_preset=&#8221;default&#8221; global_colors_info=&#8221;{}&#8221;][\/et_pb_map_pin][\/et_pb_map][\/et_pb_column][\/et_pb_row][\/et_pb_section][et_pb_section fb_built=&#8221;1&#8243; _builder_version=&#8221;4.24.3&#8243; _module_preset=&#8221;default&#8221; background_color=&#8221;RGBA(255,255,255,0)&#8221; custom_margin=&#8221;0px||0px||false|false&#8221; custom_padding=&#8221;0px||0px||false|false&#8221; da_disable_devices=&#8221;off|off|off&#8221; global_colors_info=&#8221;{}&#8221; locked=&#8221;off&#8221; da_is_popup=&#8221;off&#8221; da_exit_intent=&#8221;off&#8221; da_has_close=&#8221;on&#8221; da_alt_close=&#8221;off&#8221; da_dark_close=&#8221;off&#8221; da_not_modal=&#8221;on&#8221; da_is_singular=&#8221;off&#8221; da_with_loader=&#8221;off&#8221; da_has_shadow=&#8221;on&#8221;][et_pb_row column_structure=&#8221;1_2,1_2&#8243; use_custom_gutter=&#8221;on&#8221; gutter_width=&#8221;2&#8243; module_id=&#8221;tablet-two-cols&#8221; module_class=&#8221;tablet-two-cols&#8221; _builder_version=&#8221;4.24.3&#8243; _module_preset=&#8221;default&#8221; custom_padding=&#8221;||0px|||&#8221; global_colors_info=&#8221;{}&#8221;][et_pb_column type=&#8221;1_2&#8243; _builder_version=&#8221;4.24.3&#8243; _module_preset=&#8221;default&#8221; global_colors_info=&#8221;{}&#8221;][et_pb_image src=&#8221;https:\/\/manualtherapies.dk\/wp-content\/uploads\/2024\/04\/trustpilot.png&#8221; title_text=&#8221;trustpilot&#8221; url=&#8221;https:\/\/www.trustpilot.com\/review\/manualtherapies.dk&#8221; url_new_window=&#8221;on&#8221; align=&#8221;right&#8221; align_tablet=&#8221;right&#8221; align_phone=&#8221;center&#8221; align_last_edited=&#8221;on|phone&#8221; _builder_version=&#8221;4.27.4&#8243; _module_preset=&#8221;default&#8221; max_width=&#8221;20%&#8221; max_width_tablet=&#8221;36%&#8221; max_width_phone=&#8221;36%&#8221; max_width_last_edited=&#8221;on|tablet&#8221; module_alignment=&#8221;right&#8221; module_alignment_tablet=&#8221;right&#8221; module_alignment_phone=&#8221;center&#8221; module_alignment_last_edited=&#8221;on|phone&#8221; locked=&#8221;off&#8221; global_colors_info=&#8221;{}&#8221;][\/et_pb_image][\/et_pb_column][et_pb_column type=&#8221;1_2&#8243; _builder_version=&#8221;4.24.3&#8243; _module_preset=&#8221;default&#8221; global_colors_info=&#8221;{}&#8221;]<\/p>\n<p>[et_pb_social_media_follow icon_color=&#8221;#3D3837&#8243; use_icon_font_size=&#8221;on&#8221; disabled_on=&#8221;off|off|off&#8221; _builder_version=&#8221;4.27.0&#8243; _module_preset=&#8221;default&#8221; position_origin_f=&#8221;top_right&#8221; vertical_offset=&#8221;26px&#8221; horizontal_offset=&#8221;4px&#8221; text_orientation=&#8221;left&#8221; custom_margin=&#8221;0px|0px|0px|-7px|false|false&#8221; custom_padding=&#8221;0px|0px|0px|0px|true|true&#8221; text_orientation_tablet=&#8221;left&#8221; text_orientation_phone=&#8221;center&#8221; text_orientation_last_edited=&#8221;on|phone&#8221; locked=&#8221;off&#8221; global_colors_info=&#8221;{}&#8221;][et_pb_social_media_follow_network social_network=&#8221;facebook&#8221; url=&#8221;https:\/\/www.facebook.com\/manualtherapies.dk&#8221; _builder_version=&#8221;4.27.0&#8243; _module_preset=&#8221;default&#8221; background_color=&#8221;RGBA(255,255,255,0)&#8221; background_enable_color=&#8221;on&#8221; global_colors_info=&#8221;{}&#8221; follow_button=&#8221;off&#8221; url_new_window=&#8221;on&#8221;]facebook[\/et_pb_social_media_follow_network][et_pb_social_media_follow_network social_network=&#8221;instagram&#8221; url=&#8221;https:\/\/www.instagram.com\/manualtherapies.dk&#8221; _builder_version=&#8221;4.27.0&#8243; _module_preset=&#8221;default&#8221; background_color=&#8221;RGBA(255,255,255,0)&#8221; background_enable_color=&#8221;on&#8221; custom_margin=&#8221;|0px|||false|false&#8221; custom_padding=&#8221;|0px|||false|false&#8221; global_colors_info=&#8221;{}&#8221; follow_button=&#8221;off&#8221; url_new_window=&#8221;on&#8221;]instagram[\/et_pb_social_media_follow_network][et_pb_social_media_follow_network social_network=&#8221;google&#8221; url=&#8221;https:\/\/maps.app.goo.gl\/nisfq5ZfWtucfdu4A&#8221; _builder_version=&#8221;4.27.0&#8243; _module_preset=&#8221;default&#8221; background_color=&#8221;RGBA(255,255,255,0)&#8221; background_enable_color=&#8221;on&#8221; global_colors_info=&#8221;{}&#8221; follow_button=&#8221;off&#8221; url_new_window=&#8221;on&#8221;]google[\/et_pb_social_media_follow_network][\/et_pb_social_media_follow]<\/p>\n<p>[\/et_pb_column][\/et_pb_row][et_pb_row _builder_version=&#8221;4.24.3&#8243; _module_preset=&#8221;default&#8221; global_colors_info=&#8221;{}&#8221;][et_pb_column type=&#8221;4_4&#8243; _builder_version=&#8221;4.24.3&#8243; _module_preset=&#8221;default&#8221; global_colors_info=&#8221;{}&#8221;][et_pb_image src=&#8221;https:\/\/manualtherapies.dk\/wp-content\/uploads\/2024\/08\/payment_gateways_s.png&#8221; title_text=&#8221;payment_gateways_s&#8221; align=&#8221;center&#8221; _builder_version=&#8221;4.27.0&#8243; _module_preset=&#8221;default&#8221; max_width=&#8221;190px&#8221; module_alignment=&#8221;center&#8221; global_colors_info=&#8221;{}&#8221;][\/et_pb_image][\/et_pb_column][\/et_pb_row][et_pb_row _builder_version=&#8221;4.27.4&#8243; _dynamic_attributes=&#8221;link_option_url&#8221; _module_preset=&#8221;default&#8221; custom_padding=&#8221;0px|||||&#8221; link_option_url=&#8221;@ET-DC@eyJkeW5hbWljIjp0cnVlLCJjb250ZW50IjoiaG9tZV91cmwiLCJzZXR0aW5ncyI6W119@&#8221; global_colors_info=&#8221;{}&#8221;][et_pb_column type=&#8221;4_4&#8243; _builder_version=&#8221;4.24.3&#8243; _module_preset=&#8221;default&#8221; global_colors_info=&#8221;{}&#8221;][et_pb_image src=&#8221;https:\/\/manualtherapies.dk\/wp-content\/uploads\/2024\/02\/Asset-2@3x.png&#8221; title_text=&#8221;Asset 2@3x&#8221; align=&#8221;center&#8221; _builder_version=&#8221;4.27.0&#8243; _module_preset=&#8221;default&#8221; width=&#8221;10%&#8221; width_tablet=&#8221;14%&#8221; width_phone=&#8221;24%&#8221; width_last_edited=&#8221;on|tablet&#8221; module_alignment=&#8221;center&#8221; global_colors_info=&#8221;{}&#8221;][\/et_pb_image][et_pb_text _builder_version=&#8221;4.27.4&#8243; _module_preset=&#8221;default&#8221; text_font_size_tablet=&#8221;&#8221; text_font_size_phone=&#8221;&#8221; text_font_size_last_edited=&#8221;on|phone&#8221; global_colors_info=&#8221;{}&#8221;]<\/p>\n<p style=\"text-align: center;\"><a href=\"https:\/\/maps.app.goo.gl\/Vx9xi36QoYY6eFMN8\" target=\"_blank\" rel=\"noopener\">Gasv\u00e6rksvej 12, st.th,<\/a><br \/><a href=\"https:\/\/maps.app.goo.gl\/Vx9xi36QoYY6eFMN8\" target=\"_blank\" rel=\"noopener\">1656 K\u00f8benhavn V<\/a><\/p>\n<p>[\/et_pb_text][et_pb_button button_url=&#8221;@ET-DC@eyJkeW5hbWljIjp0cnVlLCJjb250ZW50IjoicG9zdF9saW5rX3VybF9wYWdlIiwic2V0dGluZ3MiOnsicG9zdF9pZCI6IjE4ODQifX0=@&#8221; url_new_window=&#8221;on&#8221; button_text=&#8221;Book Her&#8221; button_alignment=&#8221;center&#8221; disabled_on=&#8221;off|off|off&#8221; module_id=&#8221;terapeutbookingonlinebooking&#8221; _builder_version=&#8221;4.27.4&#8243; _dynamic_attributes=&#8221;button_url&#8221; _module_preset=&#8221;default&#8221; custom_button=&#8221;on&#8221; button_text_color=&#8221;#3D3837&#8243; button_bg_color=&#8221;#F5F4EF&#8221; button_border_width=&#8221;5px&#8221; button_border_radius=&#8221;28px&#8221; button_font=&#8221;&#8211;et_global_body_font|500|||||||&#8221; button_icon=&#8221;&#x62;||divi||400&#8243; button_icon_color=&#8221;#3D3837&#8243; custom_margin=&#8221;||||false|false&#8221; locked=&#8221;off&#8221; global_colors_info=&#8221;{}&#8221; button_border_color__hover_enabled=&#8221;on|desktop&#8221; button_border_color__hover=&#8221;#3D3837&#8243; button_bg_color__hover_enabled=&#8221;on|hover&#8221; button_bg_color__hover=&#8221;#F5F4EF&#8221; button_bg_enable_color__hover=&#8221;on&#8221; button_border_width__hover_enabled=&#8221;off|hover&#8221; button_border_width__hover=&#8221;5px&#8221; button_border_radius__hover_enabled=&#8221;off|desktop&#8221; button_border_radius__hover=&#8221;12px&#8221;][\/et_pb_button][\/et_pb_column][\/et_pb_row][\/et_pb_section]<\/p>\n","protected":false},"excerpt":{"rendered":"<p>Dzi\u0119kuj\u0119 za rezerwacj\u0119!Nie wahaj si\u0119 skontaktowa\u0107 ze mn\u0105 telefonicznie lub mailowo.\u00a0\ud83d\udcf1 31 70 44 50\u2709\ufe0f\u00a0 hello@manualtherapies.dk\ud83d\udccdManual TherapiesGasv\u00e6rksvej 12, st.th1656 K\u00f8benhavn V&nbsp;Gasv\u00e6rksvej 12, st.th,1656 K\u00f8benhavn V<\/p>\n","protected":false},"author":5,"featured_media":0,"parent":0,"menu_order":0,"comment_status":"closed","ping_status":"closed","template":"","meta":{"_et_pb_use_builder":"on","_et_pb_old_content":"","_et_gb_content_width":"","footnotes":""},"difl_page_category":[],"class_list":["post-3153","page","type-page","status-publish","hentry"],"yoast_head":"<!-- This site is optimized with the Yoast SEO plugin v27.2 - https:\/\/yoast.com\/product\/yoast-seo-wordpress\/ -->\n<title>Dzi\u0119kuj\u0119! - Manual Therapies<\/title>\n<meta name=\"robots\" content=\"index, follow, max-snippet:-1, max-image-preview:large, max-video-preview:-1\" \/>\n<link rel=\"canonical\" href=\"https:\/\/manualtherapies.dk\/pl\/dziekuje\/\" \/>\n<meta property=\"og:locale\" content=\"pl_PL\" \/>\n<meta property=\"og:type\" content=\"article\" \/>\n<meta property=\"og:title\" content=\"Dzi\u0119kuj\u0119! - Manual Therapies\" \/>\n<meta property=\"og:description\" content=\"Dzi\u0119kuj\u0119 za rezerwacj\u0119!Nie wahaj si\u0119 skontaktowa\u0107 ze mn\u0105 telefonicznie lub mailowo.\u00a0\ud83d\udcf1 31 70 44 50\u2709\ufe0f\u00a0 hello@manualtherapies.dk\ud83d\udccdManual TherapiesGasv\u00e6rksvej 12, st.th1656 K\u00f8benhavn V&nbsp;Gasv\u00e6rksvej 12, st.th,1656 K\u00f8benhavn V\" \/>\n<meta property=\"og:url\" content=\"https:\/\/manualtherapies.dk\/pl\/dziekuje\/\" \/>\n<meta property=\"og:site_name\" content=\"Manual Therapies\" \/>\n<meta property=\"article:modified_time\" content=\"2026-02-01T00:12:42+00:00\" \/>\n<meta name=\"twitter:card\" content=\"summary_large_image\" \/>\n<meta name=\"twitter:label1\" content=\"Szacowany czas czytania\" \/>\n\t<meta name=\"twitter:data1\" content=\"9 minut\" \/>\n<script type=\"application\/ld+json\" class=\"yoast-schema-graph\">{\"@context\":\"https:\/\/schema.org\",\"@graph\":[{\"@type\":\"WebPage\",\"@id\":\"https:\/\/manualtherapies.dk\/pl\/dziekuje\/\",\"url\":\"https:\/\/manualtherapies.dk\/pl\/dziekuje\/\",\"name\":\"Dzi\u0119kuj\u0119! - Manual Therapies\",\"isPartOf\":{\"@id\":\"https:\/\/manualtherapies.dk\/pl\/#website\"},\"datePublished\":\"2024-03-18T13:32:29+00:00\",\"dateModified\":\"2026-02-01T00:12:42+00:00\",\"breadcrumb\":{\"@id\":\"https:\/\/manualtherapies.dk\/pl\/dziekuje\/#breadcrumb\"},\"inLanguage\":\"pl-PL\",\"potentialAction\":[{\"@type\":\"ReadAction\",\"target\":[\"https:\/\/manualtherapies.dk\/pl\/dziekuje\/\"]}]},{\"@type\":\"BreadcrumbList\",\"@id\":\"https:\/\/manualtherapies.dk\/pl\/dziekuje\/#breadcrumb\",\"itemListElement\":[{\"@type\":\"ListItem\",\"position\":1,\"name\":\"Home\",\"item\":\"https:\/\/manualtherapies.dk\/pl\/zabiegi-na-twarz-zabiegi-na-cialo-i-masaze-w-vallensbaek-strand\/\"},{\"@type\":\"ListItem\",\"position\":2,\"name\":\"Dzi\u0119kuj\u0119!\"}]},{\"@type\":\"WebSite\",\"@id\":\"https:\/\/manualtherapies.dk\/pl\/#website\",\"url\":\"https:\/\/manualtherapies.dk\/pl\/\",\"name\":\"Manual Therapies\",\"description\":\"\",\"publisher\":{\"@id\":\"https:\/\/manualtherapies.dk\/pl\/#\/schema\/person\/8104c5fd64e0cf4c5745b5ad9c19db3e\"},\"potentialAction\":[{\"@type\":\"SearchAction\",\"target\":{\"@type\":\"EntryPoint\",\"urlTemplate\":\"https:\/\/manualtherapies.dk\/pl\/?s={search_term_string}\"},\"query-input\":{\"@type\":\"PropertyValueSpecification\",\"valueRequired\":true,\"valueName\":\"search_term_string\"}}],\"inLanguage\":\"pl-PL\"},{\"@type\":[\"Person\",\"Organization\"],\"@id\":\"https:\/\/manualtherapies.dk\/pl\/#\/schema\/person\/8104c5fd64e0cf4c5745b5ad9c19db3e\",\"name\":\"Andrzej Rozycki\",\"image\":{\"@type\":\"ImageObject\",\"inLanguage\":\"pl-PL\",\"@id\":\"https:\/\/manualtherapies.dk\/wp-content\/uploads\/2024\/02\/Asset-2@3x.png\",\"url\":\"https:\/\/manualtherapies.dk\/wp-content\/uploads\/2024\/02\/Asset-2@3x.png\",\"contentUrl\":\"https:\/\/manualtherapies.dk\/wp-content\/uploads\/2024\/02\/Asset-2@3x.png\",\"width\":439,\"height\":495,\"caption\":\"Andrzej Rozycki\"},\"logo\":{\"@id\":\"https:\/\/manualtherapies.dk\/wp-content\/uploads\/2024\/02\/Asset-2@3x.png\"}}]}<\/script>\n<!-- \/ Yoast SEO plugin. -->","yoast_head_json":{"title":"Dzi\u0119kuj\u0119! - Manual Therapies","robots":{"index":"index","follow":"follow","max-snippet":"max-snippet:-1","max-image-preview":"max-image-preview:large","max-video-preview":"max-video-preview:-1"},"canonical":"https:\/\/manualtherapies.dk\/pl\/dziekuje\/","og_locale":"pl_PL","og_type":"article","og_title":"Dzi\u0119kuj\u0119! - Manual Therapies","og_description":"Dzi\u0119kuj\u0119 za rezerwacj\u0119!Nie wahaj si\u0119 skontaktowa\u0107 ze mn\u0105 telefonicznie lub mailowo.\u00a0\ud83d\udcf1 31 70 44 50\u2709\ufe0f\u00a0 hello@manualtherapies.dk\ud83d\udccdManual TherapiesGasv\u00e6rksvej 12, st.th1656 K\u00f8benhavn V&nbsp;Gasv\u00e6rksvej 12, st.th,1656 K\u00f8benhavn V","og_url":"https:\/\/manualtherapies.dk\/pl\/dziekuje\/","og_site_name":"Manual Therapies","article_modified_time":"2026-02-01T00:12:42+00:00","twitter_card":"summary_large_image","twitter_misc":{"Szacowany czas czytania":"9 minut"},"schema":{"@context":"https:\/\/schema.org","@graph":[{"@type":"WebPage","@id":"https:\/\/manualtherapies.dk\/pl\/dziekuje\/","url":"https:\/\/manualtherapies.dk\/pl\/dziekuje\/","name":"Dzi\u0119kuj\u0119! - Manual Therapies","isPartOf":{"@id":"https:\/\/manualtherapies.dk\/pl\/#website"},"datePublished":"2024-03-18T13:32:29+00:00","dateModified":"2026-02-01T00:12:42+00:00","breadcrumb":{"@id":"https:\/\/manualtherapies.dk\/pl\/dziekuje\/#breadcrumb"},"inLanguage":"pl-PL","potentialAction":[{"@type":"ReadAction","target":["https:\/\/manualtherapies.dk\/pl\/dziekuje\/"]}]},{"@type":"BreadcrumbList","@id":"https:\/\/manualtherapies.dk\/pl\/dziekuje\/#breadcrumb","itemListElement":[{"@type":"ListItem","position":1,"name":"Home","item":"https:\/\/manualtherapies.dk\/pl\/zabiegi-na-twarz-zabiegi-na-cialo-i-masaze-w-vallensbaek-strand\/"},{"@type":"ListItem","position":2,"name":"Dzi\u0119kuj\u0119!"}]},{"@type":"WebSite","@id":"https:\/\/manualtherapies.dk\/pl\/#website","url":"https:\/\/manualtherapies.dk\/pl\/","name":"Manual Therapies","description":"","publisher":{"@id":"https:\/\/manualtherapies.dk\/pl\/#\/schema\/person\/8104c5fd64e0cf4c5745b5ad9c19db3e"},"potentialAction":[{"@type":"SearchAction","target":{"@type":"EntryPoint","urlTemplate":"https:\/\/manualtherapies.dk\/pl\/?s={search_term_string}"},"query-input":{"@type":"PropertyValueSpecification","valueRequired":true,"valueName":"search_term_string"}}],"inLanguage":"pl-PL"},{"@type":["Person","Organization"],"@id":"https:\/\/manualtherapies.dk\/pl\/#\/schema\/person\/8104c5fd64e0cf4c5745b5ad9c19db3e","name":"Andrzej Rozycki","image":{"@type":"ImageObject","inLanguage":"pl-PL","@id":"https:\/\/manualtherapies.dk\/wp-content\/uploads\/2024\/02\/Asset-2@3x.png","url":"https:\/\/manualtherapies.dk\/wp-content\/uploads\/2024\/02\/Asset-2@3x.png","contentUrl":"https:\/\/manualtherapies.dk\/wp-content\/uploads\/2024\/02\/Asset-2@3x.png","width":439,"height":495,"caption":"Andrzej Rozycki"},"logo":{"@id":"https:\/\/manualtherapies.dk\/wp-content\/uploads\/2024\/02\/Asset-2@3x.png"}}]}},"_links":{"self":[{"href":"https:\/\/manualtherapies.dk\/pl\/wp-json\/wp\/v2\/pages\/3153","targetHints":{"allow":["GET"]}}],"collection":[{"href":"https:\/\/manualtherapies.dk\/pl\/wp-json\/wp\/v2\/pages"}],"about":[{"href":"https:\/\/manualtherapies.dk\/pl\/wp-json\/wp\/v2\/types\/page"}],"author":[{"embeddable":true,"href":"https:\/\/manualtherapies.dk\/pl\/wp-json\/wp\/v2\/users\/5"}],"replies":[{"embeddable":true,"href":"https:\/\/manualtherapies.dk\/pl\/wp-json\/wp\/v2\/comments?post=3153"}],"version-history":[{"count":4,"href":"https:\/\/manualtherapies.dk\/pl\/wp-json\/wp\/v2\/pages\/3153\/revisions"}],"predecessor-version":[{"id":3765,"href":"https:\/\/manualtherapies.dk\/pl\/wp-json\/wp\/v2\/pages\/3153\/revisions\/3765"}],"wp:attachment":[{"href":"https:\/\/manualtherapies.dk\/pl\/wp-json\/wp\/v2\/media?parent=3153"}],"wp:term":[{"taxonomy":"difl_page_category","embeddable":true,"href":"https:\/\/manualtherapies.dk\/pl\/wp-json\/wp\/v2\/difl_page_category?post=3153"}],"curies":[{"name":"wp","href":"https:\/\/api.w.org\/{rel}","templated":true}]}}