{"id":2886,"date":"2024-06-25T22:09:15","date_gmt":"2024-06-25T20:09:15","guid":{"rendered":"https:\/\/manualtherapies.dk\/book-here\/"},"modified":"2026-02-01T01:40:59","modified_gmt":"2026-01-31T23:40:59","slug":"book-here","status":"publish","type":"page","link":"https:\/\/manualtherapies.dk\/en\/book-here\/","title":{"rendered":"Book here"},"content":{"rendered":"<p>[et_pb_section fb_built=&#8221;1&#8243; _builder_version=&#8221;4.27.4&#8243; _module_preset=&#8221;default&#8221; background_color=&#8221;#F5F4EF&#8221; custom_margin=&#8221;0px|0px||0px|false|false&#8221; custom_padding=&#8221;0px|0px|0px|0px|false|false&#8221; da_disable_devices=&#8221;off|off|off&#8221; global_colors_info=&#8221;{}&#8221; da_is_popup=&#8221;off&#8221; da_exit_intent=&#8221;off&#8221; da_has_close=&#8221;on&#8221; da_alt_close=&#8221;off&#8221; da_dark_close=&#8221;off&#8221; da_not_modal=&#8221;on&#8221; da_is_singular=&#8221;off&#8221; da_with_loader=&#8221;off&#8221; da_has_shadow=&#8221;on&#8221;][et_pb_row _builder_version=&#8221;4.27.0&#8243; _module_preset=&#8221;default&#8221; width_tablet=&#8221;&#8221; width_phone=&#8221;95%&#8221; width_last_edited=&#8221;on|phone&#8221; custom_margin=&#8221;0px||||false|false&#8221; custom_margin_tablet=&#8221;0px||||false|false&#8221; custom_margin_phone=&#8221;30px||||false|false&#8221; custom_margin_last_edited=&#8221;on|phone&#8221; custom_padding=&#8221;0px||0px||false|false&#8221; module_alignment_tablet=&#8221;&#8221; module_alignment_phone=&#8221;center&#8221; module_alignment_last_edited=&#8221;on|phone&#8221; global_colors_info=&#8221;{}&#8221;][et_pb_column type=&#8221;4_4&#8243; _builder_version=&#8221;4.25.2&#8243; _module_preset=&#8221;default&#8221; global_colors_info=&#8221;{}&#8221;][et_pb_code _builder_version=&#8221;4.27.4&#8243; _module_preset=&#8221;default&#8221; width=&#8221;100%&#8221; max_width=&#8221;100%&#8221; custom_padding=&#8221;|||6px||&#8221; global_colors_info=&#8221;{}&#8221;]<script src=\"https:\/\/system.easypractice.net\/js\/templates\/onlinebook_iframe.js\"><\/script><!-- [et_pb_line_break_holder] --><iframe style=\"width: 100%; height: 900px;\" frameborder=\"0\" src=\"https:\/\/system.easypractice.net\/book\/manual-therapies-dk\"><\/iframe>[\/et_pb_code][difl_faq faq_layout=&#8221;toggle&#8221; faq_item_gap=&#8221;0px&#8221; disable_faq_icon=&#8221;on&#8221; faq_item_wrapper_bg_bgcolor=&#8221;RGBA(255,255,255,0)&#8221; default_que_wrapper_bg_bgcolor=&#8221;RGBA(255,255,255,0)&#8221; que_wrapper_padding=&#8221;5px||5px||false|false&#8221; ans_wrapper_padding=&#8221;5px|5px|20px|5px|false|false&#8221; ans_wrapper_padding_tablet=&#8221;5px|5px|20px|5px|false|false&#8221; ans_wrapper_padding_phone=&#8221;5px|0px|20px|0px|false|true&#8221; ans_wrapper_padding_last_edited=&#8221;on|phone&#8221; ans_img_padding=&#8221;||20px||false|false&#8221; button_icon_size=&#8221;24px&#8221; ans_button_padding=&#8221;5px|5px|5px|0px|false|false&#8221; faq_item_per_column_tablet=&#8221;2&#8243; faq_item_per_column_phone=&#8221;1&#8243; faq_item_per_column_last_edited=&#8221;on|desktop&#8221; button_icon_size_tablet=&#8221;17px&#8221; button_icon_size_phone=&#8221;17px&#8221; button_icon_size_last_edited=&#8221;on|tablet&#8221; _builder_version=&#8221;4.27.4&#8243; _module_preset=&#8221;default&#8221; question_text_font=&#8221;Luxe uno regular||||||||&#8221; design_answer_text_font=&#8221;Luxe uno light|300|||||||&#8221; design_answer_text_font_size=&#8221;20px&#8221; design_answer_text_line_height=&#8221;1.2em&#8221; ans_button_font=&#8221;||||on||||&#8221; ans_button_font_size=&#8221;24px&#8221; max_width=&#8221;96%&#8221; max_width_tablet=&#8221;96%&#8221; max_width_phone=&#8221;96%&#8221; max_width_last_edited=&#8221;on|desktop&#8221; module_alignment=&#8221;center&#8221; question_text_font_size_tablet=&#8221;20px&#8221; question_text_font_size_phone=&#8221;20px&#8221; question_text_font_size_last_edited=&#8221;on|tablet&#8221; design_answer_text_font_size_tablet=&#8221;13px&#8221; design_answer_text_font_size_phone=&#8221;13px&#8221; design_answer_text_font_size_last_edited=&#8221;on|tablet&#8221; ans_button_font_size_tablet=&#8221;17px&#8221; ans_button_font_size_phone=&#8221;17px&#8221; ans_button_font_size_last_edited=&#8221;on|tablet&#8221; border_width_all_faq_item_wrapper_border=&#8221;0px&#8221; border_width_bottom_faq_item_wrapper_border=&#8221;1px&#8221; border_color_bottom_faq_item_wrapper_border=&#8221;#3D3837&#8243; border_color_all_que_wrapper_border=&#8221;RGBA(255,255,255,0)&#8221; locked=&#8221;off&#8221; global_colors_info=&#8221;{}&#8221; que_wrapper_bg_bgcolor__hover=&#8221;1px||||false|false&#8221; que_wrapper_bg_bgcolor__hover_enabled=&#8221;on|hover&#8221;][difl_faqitem question=&#8221;Afbudspolitik&#8221; question_title_tag=&#8221;h4&#8243; enable_question_image=&#8221;on&#8221; close_question_image=&#8221;https:\/\/manualtherapies.dk\/wp-content\/uploads\/2024\/04\/behandlinger_plus1.png&#8221; open_question_image=&#8221;https:\/\/manualtherapies.dk\/wp-content\/uploads\/2024\/04\/behandlinger_minus1.png&#8221; ans_button_bg_bgcolor=&#8221;RGBA(255,255,255,0)&#8221; _builder_version=&#8221;4.27.0&#8243; question_text_font=&#8221;Luxe uno regular||||||||&#8221; design_answer_text_font_size=&#8221;13px&#8221; ans_button_font=&#8221;Luxe uno semi bold||||||||&#8221; global_colors_info=&#8221;{}&#8221; que_wrapper_bg_bgcolor__hover=&#8221;1px||||false|false&#8221; que_wrapper_bg_bgcolor__hover_enabled=&#8221;on|hover&#8221; button_icon_color__hover_enabled=&#8221;on|hover&#8221; button_icon_color__hover=&#8221;#3D3837&#8243;]<\/p>\n<h3>Vilk\u00e5r og betingelser for aflysning af aftaler<\/h3>\n<p>&nbsp;<\/p>\n<p>Hos Manual Therapies er vi forpligtet til at give dig den h\u00f8jeste kvalitet af service og fleksibilitet til at im\u00f8dekomme dine behov. Hvis du forst\u00e5r og overholder vores afbestillingsregler, hj\u00e6lper det os med at administrere vores tid mere effektivt og levere den h\u00f8jeste kvalitet af service.<\/p>\n<p>Hvis du ikke kan komme, bedes du give os besked mindst 24 timer f\u00f8r din behandling. Du kan nemt aflyse din tid i vores online bookingsystem eller ved at ringe\/sms&#8217;e til vores telefonnummer +45 31 70 44 50.<\/p>\n<p>&nbsp;<\/p>\n<h3>Aflysning af en aftale<\/h3>\n<p>Hvis du vil aflyse eller flytte din aftale, skal du kontakte os mindst 24 timer f\u00f8r din aftale.<br \/>Aftaler kan aflyses pr. telefon, sms, via bookingsystemet p\u00e5 hjemmesiden eller pr. e-mail.<\/p>\n<p>&nbsp;<\/p>\n<h3>Gebyrer for afbestilling<\/h3>\n<p>Hvis en aftale aflyses mindre end 24 timer f\u00f8r aftalen, vil der blive opkr\u00e6vet et gebyr p\u00e5 50 % af prisen for ydelsen.<br \/>Hvis klienten ikke informerer om frav\u00e6ret (\u00bbno-show\u00ab), opkr\u00e6ves det fulde gebyr (100 %) for den aftalte ydelse.<\/p>\n<p>&nbsp;<\/p>\n<h3>Ekstraordin\u00e6re situationer<\/h3>\n<p>Vi forst\u00e5r, at det nogle gange er n\u00f8dvendigt med en aflysning i sidste \u00f8jeblik p\u00e5 grund af uforudsete omst\u00e6ndigheder. I s\u00e5danne tilf\u00e6lde bedes du kontakte os for at dr\u00f8fte muligheden for gebyrfritagelse.<\/p>\n<p>&nbsp;<\/p>\n<h3>Punktlighed<\/h3>\n<p>&#8211; Vi beder dig om at m\u00f8de op til din aftale til tiden. Forsinkelse fra en klient kan resultere i en reduceret behandlingstid for ikke at forstyrre tidsplanen for andre aftaler.<br \/>&#8211; Desv\u00e6rre har jeg ikke et ventev\u00e6relse i min klinik, s\u00e5 det er tilr\u00e5deligt at komme 2-3 minutter f\u00f8r din planlagte aftale.<\/p>\n<p>Ved at acceptere ovenst\u00e5ende vilk\u00e5r og betingelser accepterer du ovenst\u00e5ende vilk\u00e5r og betingelser og accepterer at sende en anmodning om betaling via MobilePay-appen.<\/p>\n<p>&nbsp;<\/p>\n<h3>Kontakt<\/h3>\n<p>Hvis du har sp\u00f8rgsm\u00e5l eller bekymringer, er du velkommen til at kontakte os:<\/p>\n<p>&nbsp;<\/p>\n<p><strong>Telefon: +45 31 70 44 50<\/strong><br \/><strong>E-mail: <a href=\"mailto:hello@manualtherapies.dk\">hello@manualtherapies.dk<\/a><\/strong><\/p>\n<p>&nbsp;<\/p>\n<p>Tak for din forst\u00e5else og dit samarbejde.<br \/>Din tid og tilfredshed er vores prioritet!<\/p>\n<p>&nbsp;<\/p>\n<p>Kamila Kalinowska<br \/>Manual Therapies<\/p>\n<p>[\/difl_faqitem][difl_faqitem question=&#8221;Privatlivspolitik&#8221; question_title_tag=&#8221;h4&#8243; enable_question_image=&#8221;on&#8221; close_question_image=&#8221;https:\/\/manualtherapies.dk\/wp-content\/uploads\/2024\/04\/behandlinger_plus1.png&#8221; open_question_image=&#8221;https:\/\/manualtherapies.dk\/wp-content\/uploads\/2024\/04\/behandlinger_minus1.png&#8221; ans_button_bg_bgcolor=&#8221;RGBA(255,255,255,0)&#8221; _builder_version=&#8221;4.27.4&#8243; question_text_font=&#8221;Luxe uno regular||||||||&#8221; design_answer_text_font_size=&#8221;13px&#8221; ans_button_font=&#8221;Luxe uno semi bold||||||||&#8221; global_colors_info=&#8221;{}&#8221; que_wrapper_bg_bgcolor__hover=&#8221;1px||||false|false&#8221; que_wrapper_bg_bgcolor__hover_enabled=&#8221;on|hover&#8221; button_icon_color__hover_enabled=&#8221;on|hover&#8221; button_icon_color__hover=&#8221;#3D3837&#8243;]<\/p>\n<h3><b>1. Generelle oplysninger<\/b><\/h3>\n<p class=\"p3\">Denne privatlivspolitik beskriver, hvordan <span class=\"s2\"><b>Manual Therapies<\/b><\/span> indsamler, anvender og beskytter personoplysninger i forbindelse med brugen af vores hjemmeside og online bookingsystem.<\/p>\n<p class=\"p3\">Vi behandler dine personoplysninger i overensstemmelse med g\u00e6ldende databeskyttelseslovgivning, herunder <span class=\"s2\"><b>EU\u2019s Databeskyttelsesforordning (GDPR)<\/b><\/span>.<\/p>\n<hr \/>\n<h3><b>2. Dataansvarlig<\/b><\/h3>\n<p class=\"p3\">Den dataansvarlige for behandlingen af dine personoplysninger er:<\/p>\n<p class=\"p4\"><b>Manual Therapies<\/b><b><\/b><\/p>\n<p class=\"p3\">CVR: 43897470<\/p>\n<p class=\"p4\"><b>Virksomhedens adresse (s\u00e6de):<\/b><b><\/b><\/p>\n<p class=\"p3\">Strandhaven 111<\/p>\n<p class=\"p3\">2665 Vallensb\u00e6k Strand<\/p>\n<p class=\"p4\"><b>Behandlingsadresse \/ klinik:<\/b><b><\/b><\/p>\n<p class=\"p3\">Gasv\u00e6rksvej 12, st.th<\/p>\n<p class=\"p3\">1656 K\u00f8benhavn V<\/p>\n<p class=\"p3\">\ud83d\udcde Telefon: +45 31 70 44 50<\/p>\n<p class=\"p3\">\ud83d\udce7 E-mail: hello@manualtherapies.dk<\/p>\n<hr \/>\n<h3><b>3. Hvilke personoplysninger indsamles<\/b><\/h3>\n<p class=\"p3\">I forbindelse med brug af hjemmesiden og online booking kan vi indsamle og behandle f\u00f8lgende personoplysninger:<\/p>\n<p class=\"p1\">&#8211; Navn og efternavn<\/p>\n<p class=\"p1\">&#8211; Telefonnummer<\/p>\n<p class=\"p1\">&#8211; E-mailadresse<\/p>\n<p class=\"p1\">&#8211; Oplysninger om bookede behandlinger (dato, tidspunkt, type behandling)<\/p>\n<p class=\"p1\">&#8211; Eventuelle oplysninger, som du frivilligt angiver (fx i bem\u00e6rkningsfelter eller kontaktformularer)<\/p>\n<hr \/>\n<h3><b>4. Form\u00e5l med behandlingen<\/b><\/h3>\n<p class=\"p3\">Dine personoplysninger behandles med henblik p\u00e5:<\/p>\n<p class=\"p1\">&#8211; h\u00e5ndtering og gennemf\u00f8relse af online booking<\/p>\n<p class=\"p1\">&#8211; levering af behandlinger og ydelser<\/p>\n<p class=\"p1\">&#8211; kontakt vedr\u00f8rende din aftale<\/p>\n<p class=\"p1\">&#8211; administration af betalinger og regnskab<\/p>\n<p class=\"p1\">&#8211; overholdelse af lovm\u00e6ssige forpligtelser<\/p>\n<p class=\"p1\">&#8211; forbedring af vores service og kundeservice<\/p>\n<hr \/>\n<h3><b>5. Online bookingsystem \u2013 <a href=\"https:\/\/system.easypractice.net\/app\/terms\" target=\"_blank\" rel=\"noopener\">EasyPractice<\/a><\/b><\/h3>\n<p class=\"p3\">Vi anvender <span class=\"s2\"><b>EasyPractice<\/b><\/span> (https:\/\/easypractice.net\/) som online bookingsystem.<\/p>\n<p class=\"p3\">EasyPractice fungerer som <span class=\"s2\"><b>databehandler<\/b><\/span> og behandler personoplysninger p\u00e5 vores vegne i overensstemmelse med GDPR og deres egen privatlivspolitik. Oplysningerne opbevares sikkert og anvendes udelukkende til booking- og administrationsform\u00e5l.<\/p>\n<hr \/>\n<h3><b>6. Retsgrundlag for behandling<\/b><\/h3>\n<p class=\"p3\">Behandlingen af personoplysninger sker p\u00e5 f\u00f8lgende retsgrundlag:<\/p>\n<p class=\"p1\"><b>&#8211; GDPR artikel 6, stk. 1, litra b<\/b><span class=\"s1\"> \u2013 opfyldelse af en aftale<\/span><\/p>\n<p class=\"p1\"><b>&#8211; GDPR artikel 6, stk. 1, litra c<\/b><span class=\"s1\"> \u2013 retlig forpligtelse<\/span><\/p>\n<p class=\"p1\"><span class=\"s1\"><b>&#8211; GDPR artikel 6, stk. 1, litra f<\/b><\/span> \u2013 legitim interesse (administration, kundekontakt)<\/p>\n<p class=\"p1\"><b>&#8211; GDPR artikel 6, stk. 1, litra a<\/b><span class=\"s1\"> \u2013 samtykke, hvis relevant<\/span><\/p>\n<hr \/>\n<h3><b>7. Videregivelse af oplysninger<\/b><\/h3>\n<p class=\"p3\">Personoplysninger kan videregives til:<\/p>\n<p class=\"p1\">&#8211; EasyPractice som bookingsystem<\/p>\n<p class=\"p1\">&#8211; regnskabs- og betalingsudbydere<\/p>\n<p class=\"p1\">&#8211; offentlige myndigheder, hvis det kr\u00e6ves ved lov<\/p>\n<p class=\"p3\">Oplysningerne videregives ikke til tredjelande uden for EU\/E\u00d8S uden passende beskyttelse.<\/p>\n<hr \/>\n<h3><b>8. Opbevaringsperiode<\/b><\/h3>\n<p class=\"p3\">Dine personoplysninger opbevares:<\/p>\n<p class=\"p1\">&#8211; s\u00e5 l\u00e6nge det er n\u00f8dvendigt for at levere vores ydelser<\/p>\n<p class=\"p1\">&#8211; i henhold til g\u00e6ldende lovgivning (fx bogf\u00f8ringsloven)<\/p>\n<p class=\"p1\">&#8211; indtil samtykke tilbagekaldes, hvor dette er relevant<\/p>\n<hr \/>\n<h3><b>9. Dine rettigheder<\/b><\/h3>\n<p class=\"p3\">Du har til enhver tid ret til at:<\/p>\n<p class=\"p1\">&#8211; f\u00e5 indsigt i dine personoplysninger<\/p>\n<p class=\"p1\">&#8211; f\u00e5 rettet urigtige oplysninger<\/p>\n<p class=\"p1\">&#8211; f\u00e5 slettet dine oplysninger<\/p>\n<p class=\"p1\">&#8211; begr\u00e6nse behandlingen<\/p>\n<p class=\"p1\">&#8211; g\u00f8re indsigelse mod behandlingen<\/p>\n<p class=\"p1\">&#8211; f\u00e5 dine oplysninger udleveret (dataportabilitet)<\/p>\n<p class=\"p1\">&#8211; tilbagekalde dit samtykke<\/p>\n<p class=\"p3\">Henvendelser vedr\u00f8rende dine rettigheder kan rettes til os via kontaktoplysningerne ovenfor.<\/p>\n<hr \/>\n<h3><b>10. Datasikkerhed<\/b><\/h3>\n<p class=\"p3\">Vi anvender passende tekniske og organisatoriske foranstaltninger for at beskytte dine personoplysninger mod tab, misbrug og uautoriseret adgang.<\/p>\n<hr \/>\n<h3><b>11. \u00c6ndringer i privatlivspolitikken<\/b><\/h3>\n<p class=\"p3\">Vi forbeholder os retten til at opdatere denne privatlivspolitik ved \u00e6ndringer i lovgivningen eller vores tjenester. Den g\u00e6ldende version vil altid v\u00e6re tilg\u00e6ngelig p\u00e5 hjemmesiden.<\/p>\n<hr \/>\n<h3><b>12. Kontakt<\/b><\/h3>\n<p class=\"p3\">Hvis du har sp\u00f8rgsm\u00e5l vedr\u00f8rende denne privatlivspolitik eller behandlingen af dine personoplysninger, er du velkommen til at kontakte os:<\/p>\n<p class=\"p3\">\ud83d\udcde <span class=\"s2\"><b>Telefon:<\/b><\/span> +45 31 70 44 50<\/p>\n<p class=\"p3\">\ud83d\udce7 <span class=\"s2\"><b>E-mail:<\/b><\/span> hello@manualtherapies.dk<\/p>\n<hr \/>\n<p class=\"p4\"><b>Manual Therapies<\/b><b><\/b><\/p>\n<p class=\"p3\">CVR: 43897470<\/p>\n<p class=\"p3\">Strandhaven 111, 2665 Vallensb\u00e6k Strand<\/p>\n<p class=\"p3\">Klinik: Gasv\u00e6rksvej 12, st.th, 1656 K\u00f8benhavn V<\/p>\n<p>[\/difl_faqitem][\/difl_faq][\/et_pb_column][\/et_pb_row][\/et_pb_section]<\/p>\n","protected":false},"excerpt":{"rendered":"<p><div class=\"et_pb_with_border et_pb_module difl_faq difl_faq_0\">\n\t\t\t\t\n\t\t\t\t\n\t\t\t\t\n\t\t\t\t\n\t\t\t\t\n\t\t\t\t\n\t\t\t\t<div class=\"et_pb_module_inner\">\n\t\t\t\t\t<div class=\"df_faq_wrapper \" data-settings='{\"faq_layout\":\"toggle\",\"activate_on_first_time\":\"off\",\"active_item_order_number\":0,\"faq_animation\":\"slide\",\"faq_anime_duration\":\"300\",\"icon_animation\":\"fade\",\"que_img_animation\":\"fade\",\"content_animation_type\":\"fade_in\",\"content_anime_duration\":\"250\",\"order_class\":\"difl_faq_0\",\"faq_layout_grid\":\"off\",\"faq_item_per_column\":\"2\",\"faq_item_per_column_tablet\":\"2\",\"faq_item_per_column_phone\":\"1\"}'><\/div>\r\n            \n\t\t\t\t<\/div>\n\t\t\t<\/div><div class=\"et_pb_module difl_faqitem difl_faqitem_0\">\n\t\t\t\t\n\t\t\t\t\n\t\t\t\t\n\t\t\t\t\n\t\t\t\t\n\t\t\t\t\n\t\t\t\t<div class=\"et_pb_module_inner\">\n\t\t\t\t\t<div class=\"df_faq_item\" data-settings='{\"hide_faq_item\":\"\"}'>\r\n                <div class=\"faq_question_wrapper\">\r\n                <div class=\"faq_question_area\">\r\n                    \r\n                    <div class=\"faq_question\"><h3 class=\"faq_question_title\">&#8221;Afbudspolitik&#8221;<\/h3><\/div>\r\n                <\/div>\r\n                <div class=\"faq_icon\"><div class=\"close_icon\"><span class=\"et-pb-icon\">&#x4c;<\/span><\/div>\r\n                <div class=\"open_icon\"><span class=\"et-pb-icon\">&#x4b;<\/span><\/div><\/div>\r\n            <\/div>\r\n          \r\n                <div class=\"faq_answer_wrapper\">\r\n                <div class=\"faq_answer_area\">\r\n                   <div class=\"faq_content\">\r\n                        \r\n                        \r\n                   <\/div>\r\n                <\/div>\r\n            <\/div>\r\n            <\/div>\n\t\t\t\t<\/div>\n\t\t\t<\/div><\/p>\n","protected":false},"author":5,"featured_media":0,"parent":0,"menu_order":0,"comment_status":"closed","ping_status":"closed","template":"","meta":{"_et_pb_use_builder":"on","_et_pb_old_content":"","_et_gb_content_width":"","footnotes":""},"difl_page_category":[],"class_list":["post-2886","page","type-page","status-publish","hentry"],"yoast_head":"<!-- This site is optimized with the Yoast SEO plugin v27.2 - https:\/\/yoast.com\/product\/yoast-seo-wordpress\/ -->\n<title>Book here - Manual Therapies<\/title>\n<meta name=\"description\" content=\"Book service from Manual Therapies here. We are located in a quiet place with plenty of space for parking.\" \/>\n<meta name=\"robots\" content=\"index, follow, max-snippet:-1, max-image-preview:large, max-video-preview:-1\" \/>\n<link rel=\"canonical\" href=\"https:\/\/manualtherapies.dk\/en\/book-here\/\" \/>\n<meta property=\"og:locale\" content=\"en_US\" \/>\n<meta property=\"og:type\" content=\"article\" \/>\n<meta property=\"og:title\" content=\"Book here - Manual Therapies\" \/>\n<meta property=\"og:description\" content=\"Book service from Manual Therapies here. We are located in a quiet place with plenty of space for parking.\" \/>\n<meta property=\"og:url\" content=\"https:\/\/manualtherapies.dk\/en\/book-here\/\" \/>\n<meta property=\"og:site_name\" content=\"Manual Therapies\" \/>\n<meta property=\"article:modified_time\" content=\"2026-01-31T23:40:59+00:00\" \/>\n<meta name=\"twitter:card\" content=\"summary_large_image\" \/>\n<meta name=\"twitter:label1\" content=\"Est. reading time\" \/>\n\t<meta name=\"twitter:data1\" content=\"7 minutes\" \/>\n<script type=\"application\/ld+json\" class=\"yoast-schema-graph\">{\"@context\":\"https:\/\/schema.org\",\"@graph\":[{\"@type\":\"WebPage\",\"@id\":\"https:\/\/manualtherapies.dk\/en\/book-here\/\",\"url\":\"https:\/\/manualtherapies.dk\/en\/book-here\/\",\"name\":\"Book here - Manual Therapies\",\"isPartOf\":{\"@id\":\"https:\/\/manualtherapies.dk\/en\/#website\"},\"datePublished\":\"2024-06-25T20:09:15+00:00\",\"dateModified\":\"2026-01-31T23:40:59+00:00\",\"description\":\"Book service from Manual Therapies here. We are located in a quiet place with plenty of space for parking.\",\"breadcrumb\":{\"@id\":\"https:\/\/manualtherapies.dk\/en\/book-here\/#breadcrumb\"},\"inLanguage\":\"en-US\",\"potentialAction\":[{\"@type\":\"ReadAction\",\"target\":[\"https:\/\/manualtherapies.dk\/en\/book-here\/\"]}]},{\"@type\":\"BreadcrumbList\",\"@id\":\"https:\/\/manualtherapies.dk\/en\/book-here\/#breadcrumb\",\"itemListElement\":[{\"@type\":\"ListItem\",\"position\":1,\"name\":\"Home\",\"item\":\"https:\/\/manualtherapies.dk\/en\/facial-treatments-body-treatments-and-massages-in-vallensbaek-strand\/\"},{\"@type\":\"ListItem\",\"position\":2,\"name\":\"Book here\"}]},{\"@type\":\"WebSite\",\"@id\":\"https:\/\/manualtherapies.dk\/en\/#website\",\"url\":\"https:\/\/manualtherapies.dk\/en\/\",\"name\":\"Manual Therapies\",\"description\":\"\",\"publisher\":{\"@id\":\"https:\/\/manualtherapies.dk\/en\/#\/schema\/person\/8104c5fd64e0cf4c5745b5ad9c19db3e\"},\"potentialAction\":[{\"@type\":\"SearchAction\",\"target\":{\"@type\":\"EntryPoint\",\"urlTemplate\":\"https:\/\/manualtherapies.dk\/en\/?s={search_term_string}\"},\"query-input\":{\"@type\":\"PropertyValueSpecification\",\"valueRequired\":true,\"valueName\":\"search_term_string\"}}],\"inLanguage\":\"en-US\"},{\"@type\":[\"Person\",\"Organization\"],\"@id\":\"https:\/\/manualtherapies.dk\/en\/#\/schema\/person\/8104c5fd64e0cf4c5745b5ad9c19db3e\",\"name\":\"Andrzej Rozycki\",\"image\":{\"@type\":\"ImageObject\",\"inLanguage\":\"en-US\",\"@id\":\"https:\/\/manualtherapies.dk\/wp-content\/uploads\/2024\/02\/Asset-2@3x.png\",\"url\":\"https:\/\/manualtherapies.dk\/wp-content\/uploads\/2024\/02\/Asset-2@3x.png\",\"contentUrl\":\"https:\/\/manualtherapies.dk\/wp-content\/uploads\/2024\/02\/Asset-2@3x.png\",\"width\":439,\"height\":495,\"caption\":\"Andrzej Rozycki\"},\"logo\":{\"@id\":\"https:\/\/manualtherapies.dk\/wp-content\/uploads\/2024\/02\/Asset-2@3x.png\"}}]}<\/script>\n<!-- \/ Yoast SEO plugin. -->","yoast_head_json":{"title":"Book here - Manual Therapies","description":"Book service from Manual Therapies here. We are located in a quiet place with plenty of space for parking.","robots":{"index":"index","follow":"follow","max-snippet":"max-snippet:-1","max-image-preview":"max-image-preview:large","max-video-preview":"max-video-preview:-1"},"canonical":"https:\/\/manualtherapies.dk\/en\/book-here\/","og_locale":"en_US","og_type":"article","og_title":"Book here - Manual Therapies","og_description":"Book service from Manual Therapies here. We are located in a quiet place with plenty of space for parking.","og_url":"https:\/\/manualtherapies.dk\/en\/book-here\/","og_site_name":"Manual Therapies","article_modified_time":"2026-01-31T23:40:59+00:00","twitter_card":"summary_large_image","twitter_misc":{"Est. reading time":"7 minutes"},"schema":{"@context":"https:\/\/schema.org","@graph":[{"@type":"WebPage","@id":"https:\/\/manualtherapies.dk\/en\/book-here\/","url":"https:\/\/manualtherapies.dk\/en\/book-here\/","name":"Book here - Manual Therapies","isPartOf":{"@id":"https:\/\/manualtherapies.dk\/en\/#website"},"datePublished":"2024-06-25T20:09:15+00:00","dateModified":"2026-01-31T23:40:59+00:00","description":"Book service from Manual Therapies here. We are located in a quiet place with plenty of space for parking.","breadcrumb":{"@id":"https:\/\/manualtherapies.dk\/en\/book-here\/#breadcrumb"},"inLanguage":"en-US","potentialAction":[{"@type":"ReadAction","target":["https:\/\/manualtherapies.dk\/en\/book-here\/"]}]},{"@type":"BreadcrumbList","@id":"https:\/\/manualtherapies.dk\/en\/book-here\/#breadcrumb","itemListElement":[{"@type":"ListItem","position":1,"name":"Home","item":"https:\/\/manualtherapies.dk\/en\/facial-treatments-body-treatments-and-massages-in-vallensbaek-strand\/"},{"@type":"ListItem","position":2,"name":"Book here"}]},{"@type":"WebSite","@id":"https:\/\/manualtherapies.dk\/en\/#website","url":"https:\/\/manualtherapies.dk\/en\/","name":"Manual Therapies","description":"","publisher":{"@id":"https:\/\/manualtherapies.dk\/en\/#\/schema\/person\/8104c5fd64e0cf4c5745b5ad9c19db3e"},"potentialAction":[{"@type":"SearchAction","target":{"@type":"EntryPoint","urlTemplate":"https:\/\/manualtherapies.dk\/en\/?s={search_term_string}"},"query-input":{"@type":"PropertyValueSpecification","valueRequired":true,"valueName":"search_term_string"}}],"inLanguage":"en-US"},{"@type":["Person","Organization"],"@id":"https:\/\/manualtherapies.dk\/en\/#\/schema\/person\/8104c5fd64e0cf4c5745b5ad9c19db3e","name":"Andrzej Rozycki","image":{"@type":"ImageObject","inLanguage":"en-US","@id":"https:\/\/manualtherapies.dk\/wp-content\/uploads\/2024\/02\/Asset-2@3x.png","url":"https:\/\/manualtherapies.dk\/wp-content\/uploads\/2024\/02\/Asset-2@3x.png","contentUrl":"https:\/\/manualtherapies.dk\/wp-content\/uploads\/2024\/02\/Asset-2@3x.png","width":439,"height":495,"caption":"Andrzej Rozycki"},"logo":{"@id":"https:\/\/manualtherapies.dk\/wp-content\/uploads\/2024\/02\/Asset-2@3x.png"}}]}},"_links":{"self":[{"href":"https:\/\/manualtherapies.dk\/en\/wp-json\/wp\/v2\/pages\/2886","targetHints":{"allow":["GET"]}}],"collection":[{"href":"https:\/\/manualtherapies.dk\/en\/wp-json\/wp\/v2\/pages"}],"about":[{"href":"https:\/\/manualtherapies.dk\/en\/wp-json\/wp\/v2\/types\/page"}],"author":[{"embeddable":true,"href":"https:\/\/manualtherapies.dk\/en\/wp-json\/wp\/v2\/users\/5"}],"replies":[{"embeddable":true,"href":"https:\/\/manualtherapies.dk\/en\/wp-json\/wp\/v2\/comments?post=2886"}],"version-history":[{"count":16,"href":"https:\/\/manualtherapies.dk\/en\/wp-json\/wp\/v2\/pages\/2886\/revisions"}],"predecessor-version":[{"id":3571,"href":"https:\/\/manualtherapies.dk\/en\/wp-json\/wp\/v2\/pages\/2886\/revisions\/3571"}],"wp:attachment":[{"href":"https:\/\/manualtherapies.dk\/en\/wp-json\/wp\/v2\/media?parent=2886"}],"wp:term":[{"taxonomy":"difl_page_category","embeddable":true,"href":"https:\/\/manualtherapies.dk\/en\/wp-json\/wp\/v2\/difl_page_category?post=2886"}],"curies":[{"name":"wp","href":"https:\/\/api.w.org\/{rel}","templated":true}]}}